{"id":77,"date":"2017-08-18T10:44:21","date_gmt":"2017-08-18T08:44:21","guid":{"rendered":"http:\/\/www.blueeye-engineering.com\/sw\/?page_id=77"},"modified":"2017-08-31T14:53:16","modified_gmt":"2017-08-31T12:53:16","slug":"integritet","status":"publish","type":"page","link":"https:\/\/www.blueeye-engineering.com\/sw\/integritet\/","title":{"rendered":"Integritet"},"content":{"rendered":"<h1 style=\"text-align: center;\"><span style=\"font-size: 14pt;\"><strong><span style=\"font-family: helvetica, arial, sans-serif;\"><span style=\"font-size: 18pt;\">Information<\/span> enligt \u00a7 5 TMG:<\/span><\/strong><\/span><\/h1>\n<div style=\"text-align: center;\"><span style=\"font-size: 14pt;\"><strong><span style=\"font-family: helvetica, arial, sans-serif;\">Blue Eye <span style=\"font-size: 16pt;\">GmbH<\/span><\/span><\/strong><\/span><\/div>\n<div style=\"text-align: center;\"><strong> <span style=\"font-family: helvetica, arial, sans-serif;\">Kirchstr. 6<\/span><\/strong><\/div>\n<div style=\"text-align: center;\"><strong> <span style=\"font-family: helvetica, arial, sans-serif;\">48480 Schapen<\/span><\/strong><\/div>\n<div><\/div>\n<div style=\"text-align: center;\"><span style=\"font-family: helvetica, arial, sans-serif;\">Representerad av:<\/span><\/div>\n<div><\/div>\n<div style=\"text-align: center;\"><strong><span style=\"font-family: helvetica, arial, sans-serif;\">Michael Roling<\/span><\/strong><br \/>\n<strong> <span style=\"font-family: helvetica, arial, sans-serif;\">Kirchstr. 6<\/span><\/strong><br \/>\n<strong> <span style=\"font-family: helvetica, arial, sans-serif;\">48480 Schapen<\/span><\/strong><\/div>\n<p style=\"text-align: center;\"><strong><span style=\"font-family: helvetica, arial, sans-serif;\">Kontakt:<\/span><\/strong><br \/>\n<span style=\"font-family: helvetica, arial, sans-serif;\">Telefon: 01708080605<\/span><br \/>\n<span style=\"font-family: helvetica, arial, sans-serif;\">E-post: michael.roling@blueeye-engineering.com<\/span><\/p>\n<p style=\"text-align: center;\"><span style=\"font-family: helvetica, arial, sans-serif;\">Merv\u00e4rdesskatteidentifikationsnummer enligt \u00a727 en momslag:<\/span><br \/>\n<span style=\"font-family: helvetica, arial, sans-serif;\">DE 311378383<\/span><\/p>\n<p style=\"text-align: center;\"><span style=\"font-family: helvetica, arial, sans-serif;\">Jobbtitel: Dipl.-Ing. (FH)<\/span><\/p>\n<p style=\"text-align: center;\"><span style=\"font-family: helvetica, arial, sans-serif;\">Ansvarsfriskrivning (ansvarsfriskrivning)<\/span><\/p>\n<p style=\"text-align: center;\"><span style=\"font-family: helvetica, arial, sans-serif;\">Ansvar f\u00f6r inneh\u00e5ll<\/span><\/p>\n<p style=\"text-align: center;\"><span style=\"font-family: helvetica, arial, sans-serif;\">Som tj\u00e4nsteleverant\u00f6r ansvarar vi f\u00f6r v\u00e5rt eget inneh\u00e5ll p\u00e5 dessa sidor enligt de allm\u00e4nna lagarna enligt \u00a7 7 Abs.1 TMG. Enligt \u00a7\u00a7 8 till 10 \u00e4r TMG emellertid som tj\u00e4nsteleverant\u00f6r inte skyldig att \u00f6vervaka \u00f6verf\u00f6rd eller lagrad information fr\u00e5n tredje part eller att unders\u00f6ka omst\u00e4ndigheter som indikerar olaglig verksamhet. Skyldigheter att ta bort eller blockera anv\u00e4ndningen av information enligt allm\u00e4nna lagar \u00e4r inte op\u00e5verkade. Ansvar i detta avseende \u00e4r dock endast m\u00f6jligt fr\u00e5n det att kunskapen om en konkret \u00f6vertr\u00e4delse har k\u00e4nnedom. Vi tar omedelbart bort inneh\u00e5llet om vi blir medvetna om s\u00e5dana lagliga \u00f6vertr\u00e4delser.<\/span><\/p>\n<p style=\"text-align: center;\"><span style=\"font-family: helvetica, arial, sans-serif;\">Ansvar f\u00f6r l\u00e4nkar<\/span><\/p>\n<p style=\"text-align: center;\"><span style=\"font-family: helvetica, arial, sans-serif;\">V\u00e5rt erbjudande inneh\u00e5ller l\u00e4nkar till externa webbplatser f\u00f6r tredje part vars inneh\u00e5ll vi inte har n\u00e5got inflytande p\u00e5. D\u00e4rf\u00f6r kan vi inte ta n\u00e5got ansvar f\u00f6r inneh\u00e5llet fr\u00e5n tredje part. Den respektive leverant\u00f6ren eller operat\u00f6ren p\u00e5 sidorna ansvarar alltid f\u00f6r inneh\u00e5llet p\u00e5 de l\u00e4nkade sidorna. De l\u00e4nkade sidorna kontrollerades f\u00f6r eventuella r\u00e4ttsliga \u00f6vertr\u00e4delser vid tidpunkten f\u00f6r l\u00e4nkningen. Olagligt inneh\u00e5ll kunde inte identifieras vid l\u00e4nkningstidpunkten. En permanent kontroll av inneh\u00e5llet p\u00e5 de l\u00e4nkade sidorna \u00e4r emellertid inte rimligt utan konkreta upplysningar om en \u00f6vertr\u00e4delse. Om vi \u200b\u200bblir medvetna om eventuella lag\u00f6vertr\u00e4delser, tar vi omedelbart bort s\u00e5dana l\u00e4nkar.<\/span><\/p>\n<p style=\"text-align: center;\"><span style=\"font-family: helvetica, arial, sans-serif;\">upphovsr\u00e4tt<\/span><\/p>\n<p style=\"text-align: center;\"><span style=\"font-family: helvetica, arial, sans-serif;\">Inneh\u00e5llet och arbetena som skapats av webbplatsoperat\u00f6rerna p\u00e5 dessa sidor omfattas av tyska upphovsr\u00e4ttslagar. Kopiering, bearbetning, distribution och n\u00e5gon form av exploatering ut\u00f6ver gr\u00e4nserna f\u00f6r upphovsr\u00e4tt kr\u00e4ver det skriftliga samtycket fr\u00e5n respektive upphovsman eller skapare. Nedladdningar och kopior av denna sida \u00e4r endast till\u00e5tna f\u00f6r privat, icke-kommersiell anv\u00e4ndning. Om inneh\u00e5llet p\u00e5 denna webbplats inte skapades av operat\u00f6ren, respekteras upphovsr\u00e4tten f\u00f6r tredje part. I synnerhet \u00e4r inneh\u00e5llet i tredje part markerat som s\u00e5dant. Om du \u00e4nd\u00e5 \u00e4r medveten om en upphovsr\u00e4ttsintr\u00e5ng, ber vi om en motsvarande anteckning. Om vi \u200b\u200bblir medvetna om lagliga \u00f6vertr\u00e4delser tar vi omedelbart bort s\u00e5dant inneh\u00e5ll.<\/span><\/p>\n","protected":false},"excerpt":{"rendered":"<p>Information enligt \u00a7 5 TMG: Blue Eye GmbH Kirchstr. 6 48480 Schapen Representerad av: Michael Roling Kirchstr. 6 48480 Schapen Kontakt: Telefon: 01708080605 E-post: michael.roling@blueeye-engineering.com Merv\u00e4rdesskatteidentifikationsnummer enligt \u00a727 en momslag: DE 311378383 Jobbtitel: Dipl.-Ing. (FH) Ansvarsfriskrivning (ansvarsfriskrivning) Ansvar f\u00f6r inneh\u00e5ll Som tj\u00e4nsteleverant\u00f6r ansvarar vi f\u00f6r v\u00e5rt eget inneh\u00e5ll p\u00e5 dessa sidor enligt de allm\u00e4nna lagarna &hellip; <a href=\"https:\/\/www.blueeye-engineering.com\/sw\/integritet\/\" class=\"more-link\">Forts\u00e4tt l\u00e4sa<span class=\"screen-reader-text\"> \u201dIntegritet\u201d<\/span><\/a><\/p>\n","protected":false},"author":1,"featured_media":0,"parent":0,"menu_order":0,"comment_status":"closed","ping_status":"closed","template":"","meta":[],"_links":{"self":[{"href":"https:\/\/www.blueeye-engineering.com\/sw\/wp-json\/wp\/v2\/pages\/77"}],"collection":[{"href":"https:\/\/www.blueeye-engineering.com\/sw\/wp-json\/wp\/v2\/pages"}],"about":[{"href":"https:\/\/www.blueeye-engineering.com\/sw\/wp-json\/wp\/v2\/types\/page"}],"author":[{"embeddable":true,"href":"https:\/\/www.blueeye-engineering.com\/sw\/wp-json\/wp\/v2\/users\/1"}],"replies":[{"embeddable":true,"href":"https:\/\/www.blueeye-engineering.com\/sw\/wp-json\/wp\/v2\/comments?post=77"}],"version-history":[{"count":11,"href":"https:\/\/www.blueeye-engineering.com\/sw\/wp-json\/wp\/v2\/pages\/77\/revisions"}],"predecessor-version":[{"id":134,"href":"https:\/\/www.blueeye-engineering.com\/sw\/wp-json\/wp\/v2\/pages\/77\/revisions\/134"}],"wp:attachment":[{"href":"https:\/\/www.blueeye-engineering.com\/sw\/wp-json\/wp\/v2\/media?parent=77"}],"curies":[{"name":"wp","href":"https:\/\/api.w.org\/{rel}","templated":true}]}}