{"id":7,"date":"2017-07-09T16:33:45","date_gmt":"2017-07-09T14:33:45","guid":{"rendered":"http:\/\/www.blueeye-engineering.com\/sw\/?page_id=7"},"modified":"2017-09-01T14:19:56","modified_gmt":"2017-09-01T12:19:56","slug":"home","status":"publish","type":"page","link":"https:\/\/www.blueeye-engineering.com\/sw\/","title":{"rendered":"Hem"},"content":{"rendered":"<p style=\"text-align: center;\"><span style=\"font-family: helvetica, arial, sans-serif; font-size: 14pt;\">V\u00e4lkommen till:<\/span><\/p>\n<p style=\"text-align: center;\"><span style=\"font-size: 18pt;\"><strong><span style=\"font-family: helvetica, arial, sans-serif;\">blue eye engineering<\/span><\/strong><\/span><\/p>\n<p><span style=\"font-family: helvetica, arial, sans-serif; font-size: 14pt;\">Vi \u00e4r en mindre, kvalitetsmedveten ingenj\u00f6rsbyr\u00e5, huvudsakligen verksamt inom bilindustrin.<\/span><\/p>\n<p><span style=\"font-family: helvetica, arial, sans-serif; font-size: 14pt;\">Med kreativa l\u00f6sningar, 100% engagemang och roligt p\u00e5 jobbet,<\/span><\/p>\n<p><span style=\"font-family: helvetica, arial, sans-serif; font-size: 14pt;\">Vi gillar att hj\u00e4lpa till d\u00e4r det blir sv\u00e5rt.<\/span><\/p>\n<p><span style=\"font-family: helvetica, arial, sans-serif; font-size: 14pt;\">Kvalitet och kundn\u00f6jdhet \u00e4r v\u00e5r fr\u00e4msta prioritet.<\/span><\/p>\n<p><span style=\"font-family: helvetica, arial, sans-serif; font-size: 14pt;\">blue eye st\u00e5r f\u00f6r:<\/span><\/p>\n<ul>\n<li><span style=\"font-family: helvetica, arial, sans-serif; font-size: 14pt;\">Kreativa l\u00f6sningar<\/span><\/li>\n<li><span style=\"font-family: helvetica, arial, sans-serif; font-size: 14pt;\">Kvalitetsarbete<\/span><\/li>\n<li><span style=\"font-family: helvetica, arial, sans-serif; font-size: 14pt;\">H\u00f6g kundn\u00f6jdhet<\/span><\/li>\n<li><span style=\"font-family: helvetica, arial, sans-serif; font-size: 14pt;\">100% &#8211; arbetsinsats<\/span><\/li>\n<li><span style=\"font-family: helvetica, arial, sans-serif; font-size: 14pt;\">Global flexibilitet<\/span><\/li>\n<\/ul>\n<p style=\"text-align: center;\">\n","protected":false},"excerpt":{"rendered":"<p>V\u00e4lkommen till: blue eye engineering Vi \u00e4r en mindre, kvalitetsmedveten ingenj\u00f6rsbyr\u00e5, huvudsakligen verksamt inom bilindustrin. Med kreativa l\u00f6sningar, 100% engagemang och roligt p\u00e5 jobbet, Vi gillar att hj\u00e4lpa till d\u00e4r det blir sv\u00e5rt. Kvalitet och kundn\u00f6jdhet \u00e4r v\u00e5r fr\u00e4msta prioritet. blue eye st\u00e5r f\u00f6r: Kreativa l\u00f6sningar Kvalitetsarbete H\u00f6g kundn\u00f6jdhet 100% &#8211; arbetsinsats Global flexibilitet<\/p>\n","protected":false},"author":1,"featured_media":0,"parent":0,"menu_order":0,"comment_status":"closed","ping_status":"closed","template":"","meta":[],"_links":{"self":[{"href":"https:\/\/www.blueeye-engineering.com\/sw\/wp-json\/wp\/v2\/pages\/7"}],"collection":[{"href":"https:\/\/www.blueeye-engineering.com\/sw\/wp-json\/wp\/v2\/pages"}],"about":[{"href":"https:\/\/www.blueeye-engineering.com\/sw\/wp-json\/wp\/v2\/types\/page"}],"author":[{"embeddable":true,"href":"https:\/\/www.blueeye-engineering.com\/sw\/wp-json\/wp\/v2\/users\/1"}],"replies":[{"embeddable":true,"href":"https:\/\/www.blueeye-engineering.com\/sw\/wp-json\/wp\/v2\/comments?post=7"}],"version-history":[{"count":15,"href":"https:\/\/www.blueeye-engineering.com\/sw\/wp-json\/wp\/v2\/pages\/7\/revisions"}],"predecessor-version":[{"id":141,"href":"https:\/\/www.blueeye-engineering.com\/sw\/wp-json\/wp\/v2\/pages\/7\/revisions\/141"}],"wp:attachment":[{"href":"https:\/\/www.blueeye-engineering.com\/sw\/wp-json\/wp\/v2\/media?parent=7"}],"curies":[{"name":"wp","href":"https:\/\/api.w.org\/{rel}","templated":true}]}}