{"id":61,"date":"2017-08-18T10:36:26","date_gmt":"2017-08-18T08:36:26","guid":{"rendered":"http:\/\/www.blueeye-engineering.com\/mex\/?page_id=61"},"modified":"2017-08-18T10:38:54","modified_gmt":"2017-08-18T08:38:54","slug":"politica-de-privacidad","status":"publish","type":"page","link":"https:\/\/www.blueeye-engineering.com\/mex\/politica-de-privacidad\/","title":{"rendered":"Pol\u00edtica de privacidad"},"content":{"rendered":"<p style=\"text-align: center;\"><span style=\"font-family: helvetica, arial, sans-serif;\">El uso de nuestro sitio web es normalmente posible sin dar datos personales. Si los datos personales (por ejemplo, nombre, direcci\u00f3n o direcci\u00f3n de correo electr\u00f3nico) se recogen en nuestras p\u00e1ginas, siempre se hace de forma voluntaria en la medida de lo posible. Estos datos no ser\u00e1n transmitidos a terceros sin su consentimiento expreso.<\/span><\/p>\n<p style=\"text-align: center;\"><span style=\"font-family: helvetica, arial, sans-serif;\">Nos gustar\u00eda se\u00f1alar que la transmisi\u00f3n de datos en Internet (por ejemplo, al comunicarse por correo electr\u00f3nico) puede presentar brechas de seguridad. Una protecci\u00f3n completa de los datos antes del acceso por terceros no es posible.<\/span><\/p>\n<p style=\"text-align: center;\"><span style=\"font-family: helvetica, arial, sans-serif;\">Se rechaza expresamente el uso de datos de contacto publicados en el \u00e1mbito de la obligaci\u00f3n de imprenta por parte de terceros para la transmisi\u00f3n de material publicitario y de informaci\u00f3n no expresamente solicitado. Los operadores de las p\u00e1ginas se reservan expresamente el derecho de tomar medidas legales en caso de env\u00edo no solicitado de informaci\u00f3n publicitaria, por ejemplo por correo spam.<\/span><\/p>\n<p style=\"text-align: center;\"><span style=\"font-family: helvetica, arial, sans-serif;\">Pol\u00edtica de privacidad para usar Google Analytics<\/span><\/p>\n<p style=\"text-align: center;\"><span style=\"font-family: helvetica, arial, sans-serif;\">Este sitio web utiliza Google Analytics, un servicio de an\u00e1lisis web proporcionado por Google, Inc. (\u00abGoogle\u00bb). Google Analytics utiliza las denominadas \u00abcookies\u00bb, archivos de texto que est\u00e1n almacenados en su computadora y que permiten un an\u00e1lisis del uso del sitio web por usted. La informaci\u00f3n generada por la cookie sobre su uso de este sitio web generalmente se transfiere a un servidor de Google en los Estados Unidos y se almacena all\u00ed. En el caso de activaci\u00f3n de anonimizaci\u00f3n de IP en este sitio web, su direcci\u00f3n IP se truncar\u00e1 en los Estados miembros de la Uni\u00f3n Europea o de otras partes en el Acuerdo sobre el Espacio Econ\u00f3mico Europeo.<\/span><\/p>\n<p style=\"text-align: center;\"><span style=\"font-family: helvetica, arial, sans-serif;\">S\u00f3lo en casos excepcionales se transferir\u00e1 la direcci\u00f3n IP completa a un servidor de Google en los Estados Unidos y se abreviar\u00e1 all\u00ed. En nombre del operador de la p\u00e1gina Google usar\u00e1 esta informaci\u00f3n para evaluar su uso del sitio web, recopilando informes de la actividad del website y prestando otros con el sitio web y los servicios relacionados con Internet a la p\u00e1gina web del operador. La direcci\u00f3n IP proporcionada por su navegador como parte de Google Analytics no se fusionar\u00e1 con otros datos de Google.<\/span><\/p>\n<p style=\"text-align: center;\"><span style=\"font-family: helvetica, arial, sans-serif;\">Puede evitar que las cookies se guarden configurando el software del navegador en consecuencia; Sin embargo, queremos se\u00f1alar que en este caso puede no ser capaz de utilizar plenamente todas las funciones de este sitio web. Tambi\u00e9n puede evitar que los datos generados por la cookie y relacionados con su uso del sitio web (incl. Su direcci\u00f3n IP) para Google y el tratamiento de estos datos por parte de Google, mediante la descarga del plug-in de navegador disponible en el siguiente enlace E instale: http:\/\/tools.google.com\/dlpage\/gaoptout?hl=es.<\/span><\/p>\n<p style=\"text-align: center;\"><span style=\"font-family: helvetica, arial, sans-serif;\">Pol\u00edtica de privacidad para usar Google Adsense<\/span><\/p>\n<p style=\"text-align: center;\"><span style=\"font-family: helvetica, arial, sans-serif;\">Este sitio utiliza Google AdSense, un servicio de publicidad de Google Inc. (\u00abGoogle\u00bb). Google AdSense utiliza las llamadas \u00abcookies\u00bb, archivos de texto que se almacenan en su computadora y que permiten un an\u00e1lisis del uso del sitio web. Google AdSense tambi\u00e9n utiliza los llamados Web Beacons (gr\u00e1ficos invisibles). A trav\u00e9s de estos web beacons, se puede evaluar informaci\u00f3n como el tr\u00e1fico de visitantes en estas p\u00e1ginas.<\/span><\/p>\n<p style=\"text-align: center;\"><span style=\"font-family: helvetica, arial, sans-serif;\">La informaci\u00f3n sobre el uso de este sitio web (incluida su direcci\u00f3n IP) y la entrega de formatos publicitarios generados por cookies y beacons web se transfieren a un servidor de Google en los Estados Unidos y se almacenan all\u00ed. Esta informaci\u00f3n puede ser transmitida a Google por Google. Sin embargo, Google no combinar\u00e1 su direcci\u00f3n IP con otros datos que haya almacenado.<\/span><\/p>\n<p style=\"text-align: center;\"><span style=\"font-family: helvetica, arial, sans-serif;\">Puede evitar la instalaci\u00f3n de cookies configurando el software del navegador en consecuencia; Sin embargo, se\u00f1alamos que en este caso puede que no pueda utilizar todas las funciones de este sitio web. Al utilizar este sitio web, acepta el procesamiento de los datos sobre usted por Google de la manera y para los fines expuestos anteriormente.<\/span><\/p>\n<p style=\"text-align: center;\"><span style=\"font-family: helvetica, arial, sans-serif;\">Pol\u00edtica de privacidad para utilizar Google +1<\/span><\/p>\n<p style=\"text-align: center;\"><span style=\"font-family: helvetica, arial, sans-serif;\">Recopilaci\u00f3n y difusi\u00f3n de informaci\u00f3n:<\/span><br \/>\n<span style=\"font-family: helvetica, arial, sans-serif;\">El bot\u00f3n Google + 1 le permite publicar informaci\u00f3n en todo el mundo. El bot\u00f3n Google + 1 le proporciona a usted ya otros usuarios contenido personalizado de Google y de nuestros socios. Google almacena la informaci\u00f3n que le dio +1 a un contenido, as\u00ed como informaci\u00f3n sobre la p\u00e1gina que vio al hacer clic en +1. Su 1 se puede visualizar en internet como prueba junto con su nombre y foto de perfil en los servicios de Google, como en los resultados de b\u00fasqueda o en su perfil de Google, o en otro lugar en sitios web y anuncios.<\/span><\/p>\n","protected":false},"excerpt":{"rendered":"<p>El uso de nuestro sitio web es normalmente posible sin dar datos personales. Si los datos personales (por ejemplo, nombre, direcci\u00f3n o direcci\u00f3n de correo electr\u00f3nico) se recogen en nuestras p\u00e1ginas, siempre se hace de forma voluntaria en la medida de lo posible. Estos datos no ser\u00e1n transmitidos a terceros sin su consentimiento expreso. Nos &hellip; <a href=\"https:\/\/www.blueeye-engineering.com\/mex\/politica-de-privacidad\/\" class=\"more-link\">Continuar leyendo<span class=\"screen-reader-text\"> \u00abPol\u00edtica de privacidad\u00bb<\/span><\/a><\/p>\n","protected":false},"author":1,"featured_media":0,"parent":0,"menu_order":0,"comment_status":"closed","ping_status":"closed","template":"","meta":[],"_links":{"self":[{"href":"https:\/\/www.blueeye-engineering.com\/mex\/wp-json\/wp\/v2\/pages\/61"}],"collection":[{"href":"https:\/\/www.blueeye-engineering.com\/mex\/wp-json\/wp\/v2\/pages"}],"about":[{"href":"https:\/\/www.blueeye-engineering.com\/mex\/wp-json\/wp\/v2\/types\/page"}],"author":[{"embeddable":true,"href":"https:\/\/www.blueeye-engineering.com\/mex\/wp-json\/wp\/v2\/users\/1"}],"replies":[{"embeddable":true,"href":"https:\/\/www.blueeye-engineering.com\/mex\/wp-json\/wp\/v2\/comments?post=61"}],"version-history":[{"count":3,"href":"https:\/\/www.blueeye-engineering.com\/mex\/wp-json\/wp\/v2\/pages\/61\/revisions"}],"predecessor-version":[{"id":64,"href":"https:\/\/www.blueeye-engineering.com\/mex\/wp-json\/wp\/v2\/pages\/61\/revisions\/64"}],"wp:attachment":[{"href":"https:\/\/www.blueeye-engineering.com\/mex\/wp-json\/wp\/v2\/media?parent=61"}],"curies":[{"name":"wp","href":"https:\/\/api.w.org\/{rel}","templated":true}]}}