{"id":6,"date":"2017-08-09T14:20:10","date_gmt":"2017-08-09T12:20:10","guid":{"rendered":"http:\/\/www.blueeye-engineering.com\/mex\/?page_id=6"},"modified":"2017-09-04T09:02:45","modified_gmt":"2017-09-04T07:02:45","slug":"casa","status":"publish","type":"page","link":"https:\/\/www.blueeye-engineering.com\/mex\/","title":{"rendered":"Inicio"},"content":{"rendered":"<p style=\"text-align: center;\"><span style=\"font-family: helvetica, arial, sans-serif; font-size: 14pt;\">Bienvenidos a:<\/span><\/p>\n<p style=\"text-align: center;\"><span style=\"font-size: 18pt;\"><strong><span style=\"font-family: helvetica, arial, sans-serif;\">blue eye engineering<\/span><\/strong><\/span><\/p>\n<p><span style=\"font-family: helvetica, arial, sans-serif; font-size: 14pt;\">Somos una peque\u00f1a empresa de ingenier\u00eda, enfocada en la calidad de nuestros servicios, principalmente dirigida a la Industria Automotriz.<\/span><\/p>\n<p><span style=\"font-family: helvetica, arial, sans-serif; font-size: 14pt;\">Ofrecemos soluciones creativas, dedicaci\u00f3n al 100% y un ambiente \u00e1gil y divertido de trabajo.<\/span><\/p>\n<p><span style=\"font-family: helvetica, arial, sans-serif; font-size: 14pt;\">Nos gusta ayudar cuando aparecen las dificultades.<\/span><\/p>\n<p><span style=\"font-family: helvetica, arial, sans-serif; font-size: 14pt;\">La Calidad y la Satisfacci\u00f3n de nuestros clientes es nuestra prioridad no. 1.<\/span><\/p>\n<p><span style=\"font-family: helvetica, arial, sans-serif; font-size: 14pt;\">blue eye significa:<\/span><\/p>\n<ul>\n<li><span style=\"font-family: helvetica, arial, sans-serif; font-size: 14pt;\">Soluciones creativas<\/span><\/li>\n<li><span style=\"font-family: helvetica, arial, sans-serif; font-size: 14pt;\">Trabajo de calidad<\/span><\/li>\n<li><span style=\"font-family: helvetica, arial, sans-serif; font-size: 14pt;\">Altos \u00edndices de satisfacci\u00f3n del cliente<\/span><\/li>\n<li><span style=\"font-family: helvetica, arial, sans-serif; font-size: 14pt;\">100% Dedicaci\u00f3n<\/span><\/li>\n<li><span style=\"font-family: helvetica, arial, sans-serif; font-size: 14pt;\">Flexibilidad global<\/span><\/li>\n<\/ul>\n","protected":false},"excerpt":{"rendered":"<p>Bienvenidos a: blue eye engineering Somos una peque\u00f1a empresa de ingenier\u00eda, enfocada en la calidad de nuestros servicios, principalmente dirigida a la Industria Automotriz. Ofrecemos soluciones creativas, dedicaci\u00f3n al 100% y un ambiente \u00e1gil y divertido de trabajo. Nos gusta ayudar cuando aparecen las dificultades. La Calidad y la Satisfacci\u00f3n de nuestros clientes es nuestra &hellip; <a href=\"https:\/\/www.blueeye-engineering.com\/mex\/\" class=\"more-link\">Continuar leyendo<span class=\"screen-reader-text\"> \u00abInicio\u00bb<\/span><\/a><\/p>\n","protected":false},"author":1,"featured_media":0,"parent":0,"menu_order":0,"comment_status":"closed","ping_status":"closed","template":"","meta":[],"_links":{"self":[{"href":"https:\/\/www.blueeye-engineering.com\/mex\/wp-json\/wp\/v2\/pages\/6"}],"collection":[{"href":"https:\/\/www.blueeye-engineering.com\/mex\/wp-json\/wp\/v2\/pages"}],"about":[{"href":"https:\/\/www.blueeye-engineering.com\/mex\/wp-json\/wp\/v2\/types\/page"}],"author":[{"embeddable":true,"href":"https:\/\/www.blueeye-engineering.com\/mex\/wp-json\/wp\/v2\/users\/1"}],"replies":[{"embeddable":true,"href":"https:\/\/www.blueeye-engineering.com\/mex\/wp-json\/wp\/v2\/comments?post=6"}],"version-history":[{"count":19,"href":"https:\/\/www.blueeye-engineering.com\/mex\/wp-json\/wp\/v2\/pages\/6\/revisions"}],"predecessor-version":[{"id":120,"href":"https:\/\/www.blueeye-engineering.com\/mex\/wp-json\/wp\/v2\/pages\/6\/revisions\/120"}],"wp:attachment":[{"href":"https:\/\/www.blueeye-engineering.com\/mex\/wp-json\/wp\/v2\/media?parent=6"}],"curies":[{"name":"wp","href":"https:\/\/api.w.org\/{rel}","templated":true}]}}