{"id":54,"date":"2017-08-18T10:28:07","date_gmt":"2017-08-18T08:28:07","guid":{"rendered":"http:\/\/www.blueeye-engineering.com\/mex\/?page_id=54"},"modified":"2017-09-21T08:03:36","modified_gmt":"2017-09-21T06:03:36","slug":"huella","status":"publish","type":"page","link":"https:\/\/www.blueeye-engineering.com\/mex\/huella\/","title":{"rendered":"Huella"},"content":{"rendered":"<h1 style=\"text-align: center;\"><span style=\"font-size: 18pt;\"><strong><span style=\"font-family: helvetica, arial, sans-serif;\">Informaci\u00f3n seg\u00fan \u00a7 5 TMG:<\/span><\/strong><\/span><\/h1>\n<p style=\"text-align: center;\"><span style=\"font-size: 16pt;\"><strong><span style=\"font-family: helvetica, arial, sans-serif;\">Blue eye GmbH<\/span><\/strong><\/span><br \/>\n<span style=\"font-size: 12pt;\"><strong><span style=\"font-family: helvetica, arial, sans-serif;\">Kirchstr. 6<\/span><\/strong><\/span><br \/>\n<span style=\"font-size: 12pt;\"><strong><span style=\"font-family: helvetica, arial, sans-serif;\"> 48480 Schapen<\/span><\/strong><\/span><\/p>\n<p style=\"text-align: center;\"><span style=\"font-family: helvetica, arial, sans-serif; font-size: 12pt;\">Representado por:<\/span><\/p>\n<p style=\"text-align: center;\"><span style=\"font-size: 12pt;\"><strong><span style=\"font-family: helvetica, arial, sans-serif;\">Michael Roling<\/span><\/strong><\/span><br \/>\n<span style=\"font-size: 12pt;\"><strong><span style=\"font-family: helvetica, arial, sans-serif;\"> Kirchstr. 6<\/span><\/strong><\/span><br \/>\n<span style=\"font-size: 12pt;\"><strong><span style=\"font-family: helvetica, arial, sans-serif;\"> 48480 Schapen<\/span><\/strong><\/span><\/p>\n<p style=\"text-align: center;\"><span style=\"font-size: 12pt;\"><strong><span style=\"font-family: helvetica, arial, sans-serif;\">Contacto:<\/span><\/strong><\/span><br \/>\n<span style=\"font-family: helvetica, arial, sans-serif; font-size: 12pt;\">Tel\u00e9fono: 01708080605<\/span><br \/>\n<span style=\"font-family: helvetica, arial, sans-serif; font-size: 12pt;\"> E-mail: michael.roling@blueeye-engineering.com<\/span><\/p>\n<p style=\"text-align: center;\"><span style=\"font-family: helvetica, arial, sans-serif; font-size: 12pt;\">N\u00famero de identificaci\u00f3n del impuesto sobre el valor a\u00f1adido seg\u00fan \u00a727 a Ley del IVA:<\/span><br \/>\n<span style=\"font-family: helvetica, arial, sans-serif; font-size: 12pt;\"> DE 311378383<\/span><\/p>\n<p style=\"text-align: center;\"><span style=\"font-family: helvetica, arial, sans-serif; font-size: 12pt;\">Nombre del puesto: Dipl.-Ing. (FH)<\/span><\/p>\n<p style=\"text-align: center;\"><span style=\"font-size: 12pt;\"><strong><span style=\"font-family: helvetica, arial, sans-serif;\">Descargo de responsabilidad (Descargo de responsabilidad)<\/span><\/strong><\/span><\/p>\n<p style=\"text-align: center;\"><span style=\"font-family: helvetica, arial, sans-serif; font-size: 12pt;\">Responsabilidad por el contenido<\/span><\/p>\n<p style=\"text-align: center;\"><span style=\"font-family: helvetica, arial, sans-serif; font-size: 12pt;\">Como proveedor de servicios, somos responsables de nuestro propio contenido en estas p\u00e1ginas de acuerdo con las leyes generales seg\u00fan \u00a7 7 Abs.1 TMG. Sin embargo, de acuerdo con \u00a7\u00a7 8 a 10 TMG, como proveedor de servicios, no estamos obligados a supervisar la informaci\u00f3n transmitida o almacenada de terceros ni a investigar las circunstancias que indican una actividad ilegal. Las obligaciones de eliminar o bloquear el uso de la informaci\u00f3n de acuerdo con las leyes generales no se ven afectadas. Sin embargo, la responsabilidad a este respecto s\u00f3lo es posible desde el momento en que se conoce una infracci\u00f3n concreta. Eliminaremos inmediatamente estos contenidos si nos damos cuenta de tales violaciones legales.<\/span><\/p>\n<p style=\"text-align: center;\"><span style=\"font-family: helvetica, arial, sans-serif; font-size: 12pt;\">Responsabilidad por enlaces<\/span><\/p>\n<p style=\"text-align: center;\"><span style=\"font-family: helvetica, arial, sans-serif; font-size: 12pt;\">Nuestra oferta contiene enlaces a sitios web externos de terceros en cuyo contenido no tenemos influencia. Por lo tanto, no podemos asumir ninguna responsabilidad por estos contenidos de terceros. El respectivo proveedor u operador de las p\u00e1ginas es siempre responsable del contenido de las p\u00e1ginas enlazadas. Las p\u00e1ginas enlazadas fueron verificadas para posibles infracciones legales en el momento de la vinculaci\u00f3n. Los contenidos ilegales no eran reconocibles en el momento de la vinculaci\u00f3n. Sin embargo, un control permanente del contenido de las p\u00e1ginas enlazadas no es razonable sin indicios concretos de una infracci\u00f3n. Si nos damos cuenta de cualquier infracci\u00f3n legal, inmediatamente eliminaremos dichos enlaces.<\/span><\/p>\n<p style=\"text-align: center;\"><span style=\"font-family: helvetica, arial, sans-serif; font-size: 12pt;\">derechos de autor<\/span><\/p>\n<p style=\"text-align: center;\"><span style=\"font-family: helvetica, arial, sans-serif; font-size: 12pt;\">El contenido y las obras creadas por los operadores del sitio en estas p\u00e1ginas est\u00e1n sujetas a la legislaci\u00f3n alemana sobre derechos de autor. La duplicaci\u00f3n, procesamiento, distribuci\u00f3n y cualquier tipo de explotaci\u00f3n m\u00e1s all\u00e1 de los l\u00edmites del derecho de autor requieren el consentimiento por escrito del autor o creador respectivo. Las descargas y copias de esta p\u00e1gina solo est\u00e1n permitidas para uso privado y no comercial. En la medida en que los contenidos de este sitio no fueron creados por el operador, se respetan los derechos de autor de terceros. En particular, los contenidos de terceros est\u00e1n marcados como tales. Si usted es consciente de una infracci\u00f3n de derechos de autor, le pedimos una nota correspondiente. Si nos damos cuenta de violaciones legales, inmediatamente eliminaremos dicho contenido.<\/span><\/p>\n","protected":false},"excerpt":{"rendered":"<p>Informaci\u00f3n seg\u00fan \u00a7 5 TMG: Blue eye GmbH Kirchstr. 6 48480 Schapen Representado por: Michael Roling Kirchstr. 6 48480 Schapen Contacto: Tel\u00e9fono: 01708080605 E-mail: michael.roling@blueeye-engineering.com N\u00famero de identificaci\u00f3n del impuesto sobre el valor a\u00f1adido seg\u00fan \u00a727 a Ley del IVA: DE 311378383 Nombre del puesto: Dipl.-Ing. (FH) Descargo de responsabilidad (Descargo de responsabilidad) Responsabilidad por &hellip; <a href=\"https:\/\/www.blueeye-engineering.com\/mex\/huella\/\" class=\"more-link\">Continuar leyendo<span class=\"screen-reader-text\"> \u00abHuella\u00bb<\/span><\/a><\/p>\n","protected":false},"author":1,"featured_media":0,"parent":0,"menu_order":0,"comment_status":"closed","ping_status":"closed","template":"","meta":[],"_links":{"self":[{"href":"https:\/\/www.blueeye-engineering.com\/mex\/wp-json\/wp\/v2\/pages\/54"}],"collection":[{"href":"https:\/\/www.blueeye-engineering.com\/mex\/wp-json\/wp\/v2\/pages"}],"about":[{"href":"https:\/\/www.blueeye-engineering.com\/mex\/wp-json\/wp\/v2\/types\/page"}],"author":[{"embeddable":true,"href":"https:\/\/www.blueeye-engineering.com\/mex\/wp-json\/wp\/v2\/users\/1"}],"replies":[{"embeddable":true,"href":"https:\/\/www.blueeye-engineering.com\/mex\/wp-json\/wp\/v2\/comments?post=54"}],"version-history":[{"count":8,"href":"https:\/\/www.blueeye-engineering.com\/mex\/wp-json\/wp\/v2\/pages\/54\/revisions"}],"predecessor-version":[{"id":129,"href":"https:\/\/www.blueeye-engineering.com\/mex\/wp-json\/wp\/v2\/pages\/54\/revisions\/129"}],"wp:attachment":[{"href":"https:\/\/www.blueeye-engineering.com\/mex\/wp-json\/wp\/v2\/media?parent=54"}],"curies":[{"name":"wp","href":"https:\/\/api.w.org\/{rel}","templated":true}]}}