{"id":12,"date":"2017-08-09T14:24:24","date_gmt":"2017-08-09T12:24:24","guid":{"rendered":"http:\/\/www.blueeye-engineering.com\/mex\/?page_id=12"},"modified":"2017-08-31T10:33:38","modified_gmt":"2017-08-31T08:33:38","slug":"servicio","status":"publish","type":"page","link":"https:\/\/www.blueeye-engineering.com\/mex\/servicio\/","title":{"rendered":"Servicios"},"content":{"rendered":"<p><span style=\"font-family: helvetica, arial, sans-serif; font-size: 14pt;\">En <strong>blue eye<\/strong> proporcionamos ingenieros expertos a la industria, ya sean parte de nuestra plantilla, o a trav\u00e9s de nuestra extensa red global.<\/span><\/p>\n<p><span style=\"font-family: helvetica, arial, sans-serif; font-size: 14pt;\">En <strong>blue eye<\/strong> nos especializamos en peque\u00f1os proyectos con muy altos niveles de calidad, utilizando las instalaciones de nuestros clientes como oficina principal, y nuestras instalaciones en diferentes partes del mundo, como oficinas de apoyo.<\/span><\/p>\n<p><span style=\"font-family: helvetica, arial, sans-serif; font-size: 14pt;\"><strong>blue eye<\/strong> ofrece excelentes soluciones a bajo costo, a trav\u00e9s de nuestras oficinas fuera de Europa.<\/span><\/p>\n<p><span style=\"font-family: helvetica, arial, sans-serif; font-size: 14pt;\">En <strong>blue eye<\/strong> ofrecemos Project Management, Dise\u00f1o (CAD), Simulaci\u00f3n (CAE) en diferentes \u00e1reas como:<\/span><\/p>\n<ul>\n<li><span style=\"font-family: helvetica, arial, sans-serif; font-size: 14pt;\">Carrocer\u00eda<\/span><\/li>\n<li><span style=\"font-family: helvetica, arial, sans-serif; font-size: 14pt;\">Puertas y Tapas<\/span><\/li>\n<li><span style=\"font-family: helvetica, arial, sans-serif; font-size: 14pt;\">Interiores<\/span><\/li>\n<li><span style=\"font-family: helvetica, arial, sans-serif; font-size: 14pt;\">Manufactura<\/span><\/li>\n<li><span style=\"font-family: helvetica, arial, sans-serif; font-size: 14pt;\">Empaquetamiento<\/span><\/li>\n<li><span style=\"font-family: helvetica, arial, sans-serif; font-size: 14pt;\">Ingenier\u00eda de Estudio<\/span><\/li>\n<li><span style=\"font-family: helvetica, arial, sans-serif; font-size: 14pt;\">Etc<\/span><\/li>\n<\/ul>\n","protected":false},"excerpt":{"rendered":"<p>En blue eye proporcionamos ingenieros expertos a la industria, ya sean parte de nuestra plantilla, o a trav\u00e9s de nuestra extensa red global. En blue eye nos especializamos en peque\u00f1os proyectos con muy altos niveles de calidad, utilizando las instalaciones de nuestros clientes como oficina principal, y nuestras instalaciones en diferentes partes del mundo, como &hellip; <a href=\"https:\/\/www.blueeye-engineering.com\/mex\/servicio\/\" class=\"more-link\">Continuar leyendo<span class=\"screen-reader-text\"> \u00abServicios\u00bb<\/span><\/a><\/p>\n","protected":false},"author":1,"featured_media":0,"parent":0,"menu_order":3,"comment_status":"closed","ping_status":"closed","template":"","meta":[],"_links":{"self":[{"href":"https:\/\/www.blueeye-engineering.com\/mex\/wp-json\/wp\/v2\/pages\/12"}],"collection":[{"href":"https:\/\/www.blueeye-engineering.com\/mex\/wp-json\/wp\/v2\/pages"}],"about":[{"href":"https:\/\/www.blueeye-engineering.com\/mex\/wp-json\/wp\/v2\/types\/page"}],"author":[{"embeddable":true,"href":"https:\/\/www.blueeye-engineering.com\/mex\/wp-json\/wp\/v2\/users\/1"}],"replies":[{"embeddable":true,"href":"https:\/\/www.blueeye-engineering.com\/mex\/wp-json\/wp\/v2\/comments?post=12"}],"version-history":[{"count":7,"href":"https:\/\/www.blueeye-engineering.com\/mex\/wp-json\/wp\/v2\/pages\/12\/revisions"}],"predecessor-version":[{"id":110,"href":"https:\/\/www.blueeye-engineering.com\/mex\/wp-json\/wp\/v2\/pages\/12\/revisions\/110"}],"wp:attachment":[{"href":"https:\/\/www.blueeye-engineering.com\/mex\/wp-json\/wp\/v2\/media?parent=12"}],"curies":[{"name":"wp","href":"https:\/\/api.w.org\/{rel}","templated":true}]}}