{"id":164,"date":"2017-09-20T14:53:06","date_gmt":"2017-09-20T12:53:06","guid":{"rendered":"http:\/\/www.blueeye-engineering.com\/uk\/?page_id=164"},"modified":"2017-09-21T07:12:04","modified_gmt":"2017-09-21T05:12:04","slug":"service-d","status":"publish","type":"page","link":"https:\/\/www.blueeye-engineering.com\/de\/service-d\/","title":{"rendered":"Service"},"content":{"rendered":"<p style=\"text-align: left;\"><span style=\"font-family: helvetica, arial, sans-serif; font-size: 14pt;\"><strong>blue eye<\/strong> stellt der Industrie Experten von eigenen Mitarbeitern zur Verf\u00fcgung, oder vermittelt Experten aus globalen Netzwerken.<\/span><\/p>\n<p style=\"text-align: left;\"><span style=\"font-family: helvetica, arial, sans-serif; font-size: 14pt;\"><strong>blue eye<\/strong> arbeitet kleine Projekte selbstst\u00e4ndig ab und nutzt dabei die Kunden-Facilities und die eigenen B\u00fcros als Back-Office.<\/span><\/p>\n<p style=\"text-align: left;\"><span style=\"font-family: helvetica, arial, sans-serif; font-size: 14pt;\"><strong>blue eye<\/strong> bietet &#8222;low cost&#8220; -Solutions &#8222;rund um die Uhr&#8220; durch die B\u00fcros au\u00dferhalb Europas an.<\/span><\/p>\n<p style=\"text-align: left;\"><span style=\"font-family: helvetica, arial, sans-serif; font-size: 14pt;\"><strong>blue eye<\/strong> leistet Projektmanagement, Design (CAD) und Berechnung (CAE) in folgenden Bereichen:<\/span><\/p>\n<ul>\n<li style=\"text-align: left;\"><span style=\"font-family: helvetica, arial, sans-serif; font-size: 14pt;\">Body in White<\/span><\/li>\n<li style=\"text-align: left;\"><span style=\"font-family: helvetica, arial, sans-serif; font-size: 14pt;\">Closures<\/span><\/li>\n<li style=\"text-align: left;\"><span style=\"font-family: helvetica, arial, sans-serif; font-size: 14pt;\">Interior<\/span><\/li>\n<li style=\"text-align: left;\"><span style=\"font-family: helvetica, arial, sans-serif; font-size: 14pt;\">Manufacturing<\/span><\/li>\n<li style=\"text-align: left;\"><span style=\"font-family: helvetica, arial, sans-serif; font-size: 14pt;\">Packaging<\/span><\/li>\n<li style=\"text-align: left;\"><span style=\"font-family: helvetica, arial, sans-serif; font-size: 14pt;\">Studio Engineering<\/span><\/li>\n<li style=\"text-align: left;\"><span style=\"font-family: helvetica, arial, sans-serif; font-size: 14pt;\">etc.<\/span><\/li>\n<\/ul>\n","protected":false},"excerpt":{"rendered":"<p>blue eye stellt der Industrie Experten von eigenen Mitarbeitern zur Verf\u00fcgung, oder vermittelt Experten aus globalen Netzwerken. blue eye arbeitet kleine Projekte selbstst\u00e4ndig ab und nutzt dabei die Kunden-Facilities und die eigenen B\u00fcros als Back-Office. blue eye bietet &#8222;low cost&#8220; -Solutions &#8222;rund um die Uhr&#8220; durch die B\u00fcros au\u00dferhalb Europas an. blue eye leistet Projektmanagement, &hellip; <a href=\"https:\/\/www.blueeye-engineering.com\/de\/service-d\/\" class=\"more-link\"><span class=\"screen-reader-text\">\u201eService\u201c<\/span> weiterlesen<\/a><\/p>\n","protected":false},"author":1,"featured_media":0,"parent":0,"menu_order":3,"comment_status":"closed","ping_status":"closed","template":"","meta":[],"_links":{"self":[{"href":"https:\/\/www.blueeye-engineering.com\/de\/wp-json\/wp\/v2\/pages\/164"}],"collection":[{"href":"https:\/\/www.blueeye-engineering.com\/de\/wp-json\/wp\/v2\/pages"}],"about":[{"href":"https:\/\/www.blueeye-engineering.com\/de\/wp-json\/wp\/v2\/types\/page"}],"author":[{"embeddable":true,"href":"https:\/\/www.blueeye-engineering.com\/de\/wp-json\/wp\/v2\/users\/1"}],"replies":[{"embeddable":true,"href":"https:\/\/www.blueeye-engineering.com\/de\/wp-json\/wp\/v2\/comments?post=164"}],"version-history":[{"count":2,"href":"https:\/\/www.blueeye-engineering.com\/de\/wp-json\/wp\/v2\/pages\/164\/revisions"}],"predecessor-version":[{"id":170,"href":"https:\/\/www.blueeye-engineering.com\/de\/wp-json\/wp\/v2\/pages\/164\/revisions\/170"}],"wp:attachment":[{"href":"https:\/\/www.blueeye-engineering.com\/de\/wp-json\/wp\/v2\/media?parent=164"}],"curies":[{"name":"wp","href":"https:\/\/api.w.org\/{rel}","templated":true}]}}