{"id":158,"date":"2017-09-20T14:39:46","date_gmt":"2017-09-20T12:39:46","guid":{"rendered":"http:\/\/www.blueeye-engineering.com\/uk\/?page_id=158"},"modified":"2017-09-21T07:11:41","modified_gmt":"2017-09-21T05:11:41","slug":"startseite","status":"publish","type":"page","link":"https:\/\/www.blueeye-engineering.com\/de\/","title":{"rendered":"Startseite"},"content":{"rendered":"<p style=\"text-align: center;\"><span style=\"font-family: helvetica, arial, sans-serif; font-size: 14pt;\">Willkommen bei:<\/span><\/p>\n<p style=\"text-align: center;\"><span style=\"font-size: 18pt;\"><strong><span style=\"font-family: helvetica, arial, sans-serif;\">blue eye engineering<\/span><\/strong><\/span><\/p>\n<p style=\"text-align: left;\"><span style=\"font-family: helvetica, arial, sans-serif; font-size: 14pt;\">Wir sind ein kleines, qualit\u00e4tsbewu\u00dftes Ingenieurb\u00fcro,\u00a0<\/span><span style=\"font-family: helvetica, arial, sans-serif; font-size: 14pt;\">\u00fcberwiegend t\u00e4tig in der Automobilindustrie.<\/span><\/p>\n<p style=\"text-align: left;\"><span style=\"font-family: helvetica, arial, sans-serif; font-size: 14pt;\">Mit kreativen L\u00f6sungen, 100%tigem Einsatz und Spa\u00df an der Arbeit,<\/span><\/p>\n<p style=\"text-align: left;\"><span style=\"font-family: helvetica, arial, sans-serif; font-size: 14pt;\"> helfen wir gerne da, wo es schwierig wird.<\/span><\/p>\n<p style=\"text-align: left;\"><span style=\"font-family: helvetica, arial, sans-serif; font-size: 14pt;\">Qualit\u00e4t und Kundenzufriedenheit steht bei uns an erster Stelle.<\/span><\/p>\n<p style=\"text-align: left;\"><span style=\"font-family: helvetica, arial, sans-serif; font-size: 14pt;\">blue eye steht f\u00fcr:<\/span><\/p>\n<ul>\n<li style=\"text-align: left;\"><span style=\"font-family: helvetica, arial, sans-serif; font-size: 14pt;\">kreative L\u00f6sungen<\/span><\/li>\n<li style=\"text-align: left;\"><span style=\"font-family: helvetica, arial, sans-serif; font-size: 14pt;\">Qualit\u00e4tsarbeit<\/span><\/li>\n<li style=\"text-align: left;\"><span style=\"font-family: helvetica, arial, sans-serif; font-size: 14pt;\">hohe Kundenzufriedenheit<\/span><\/li>\n<li style=\"text-align: left;\"><span style=\"font-family: helvetica, arial, sans-serif; font-size: 14pt;\">100%-tigen Einsatz<\/span><\/li>\n<li style=\"text-align: left;\"><span style=\"font-family: helvetica, arial, sans-serif; font-size: 14pt;\">weltweite Flexibilit\u00e4t<\/span><\/li>\n<\/ul>\n","protected":false},"excerpt":{"rendered":"<p>Willkommen bei: blue eye engineering Wir sind ein kleines, qualit\u00e4tsbewu\u00dftes Ingenieurb\u00fcro,\u00a0\u00fcberwiegend t\u00e4tig in der Automobilindustrie. Mit kreativen L\u00f6sungen, 100%tigem Einsatz und Spa\u00df an der Arbeit, helfen wir gerne da, wo es schwierig wird. Qualit\u00e4t und Kundenzufriedenheit steht bei uns an erster Stelle. blue eye steht f\u00fcr: kreative L\u00f6sungen Qualit\u00e4tsarbeit hohe Kundenzufriedenheit 100%-tigen Einsatz weltweite Flexibilit\u00e4t<\/p>\n","protected":false},"author":1,"featured_media":0,"parent":0,"menu_order":1,"comment_status":"closed","ping_status":"closed","template":"","meta":[],"_links":{"self":[{"href":"https:\/\/www.blueeye-engineering.com\/de\/wp-json\/wp\/v2\/pages\/158"}],"collection":[{"href":"https:\/\/www.blueeye-engineering.com\/de\/wp-json\/wp\/v2\/pages"}],"about":[{"href":"https:\/\/www.blueeye-engineering.com\/de\/wp-json\/wp\/v2\/types\/page"}],"author":[{"embeddable":true,"href":"https:\/\/www.blueeye-engineering.com\/de\/wp-json\/wp\/v2\/users\/1"}],"replies":[{"embeddable":true,"href":"https:\/\/www.blueeye-engineering.com\/de\/wp-json\/wp\/v2\/comments?post=158"}],"version-history":[{"count":4,"href":"https:\/\/www.blueeye-engineering.com\/de\/wp-json\/wp\/v2\/pages\/158\/revisions"}],"predecessor-version":[{"id":163,"href":"https:\/\/www.blueeye-engineering.com\/de\/wp-json\/wp\/v2\/pages\/158\/revisions\/163"}],"wp:attachment":[{"href":"https:\/\/www.blueeye-engineering.com\/de\/wp-json\/wp\/v2\/media?parent=158"}],"curies":[{"name":"wp","href":"https:\/\/api.w.org\/{rel}","templated":true}]}}